{"id":339,"date":"2023-06-15T18:56:42","date_gmt":"2023-06-15T18:56:42","guid":{"rendered":"https:\/\/www.oralvisc.ca\/nous-joindre\/"},"modified":"2023-08-02T14:40:29","modified_gmt":"2023-08-02T14:40:29","slug":"nous-joindre","status":"publish","type":"page","link":"https:\/\/www.oralvisc.ca\/fr\/nous-joindre\/","title":{"rendered":"Nous Joindre"},"content":{"rendered":"<div class=\"fusion-fullwidth fullwidth-box fusion-builder-row-1 fusion-flex-container has-pattern-background has-mask-background hundred-percent-fullwidth non-hundred-percent-height-scrolling\" style=\"--awb-border-radius-top-left:0px;--awb-border-radius-top-right:0px;--awb-border-radius-bottom-right:0px;--awb-border-radius-bottom-left:0px;--awb-padding-top:60px;--awb-padding-right:90px;--awb-padding-bottom:60px;--awb-padding-left:90px;--awb-padding-right-medium:30px;--awb-padding-bottom-medium:30px;--awb-padding-left-medium:30px;--awb-flex-wrap:wrap;\" ><div class=\"fusion-builder-row fusion-row fusion-flex-align-items-flex-start fusion-flex-content-wrap\" style=\"width:104% !important;max-width:104% !important;margin-left: calc(-4% \/ 2 );margin-right: calc(-4% \/ 2 );\"><div class=\"fusion-layout-column fusion_builder_column fusion-builder-column-0 fusion_builder_column_2_5 2_5 fusion-flex-column\" style=\"--awb-bg-size:cover;--awb-width-large:40%;--awb-margin-top-large:0px;--awb-spacing-right-large:4.8%;--awb-margin-bottom-large:20px;--awb-spacing-left-large:4.8%;--awb-width-medium:40%;--awb-order-medium:0;--awb-spacing-right-medium:4.8%;--awb-spacing-left-medium:4.8%;--awb-width-small:100%;--awb-order-small:0;--awb-spacing-right-small:1.92%;--awb-spacing-left-small:1.92%;\"><div class=\"fusion-column-wrapper fusion-column-has-shadow fusion-flex-justify-content-flex-start fusion-content-layout-column\"><div class=\"fusion-text fusion-text-1\"><h1>Nous Joindre<\/h1>\n<\/div><div class=\"fusion-text fusion-text-2\" style=\"--awb-margin-top:30px;\"><p><b>Medexus Pharmaceuticals Inc<\/b><\/p>\n<p><span style=\"font-size: 12.0pt; color: black;\">10 King Street East, Suite 600,<br \/>\n<\/span><span style=\"font-size: 12.0pt; color: black;\">Toronto, Ontario<br \/>\n<\/span><span style=\"font-size: 12.0pt; color: black;\">M5C 1C3<\/span><\/p>\n<p><b><span lang=\"FR-CA\">Service \u00e0 la client\u00e8le<\/span><\/b><\/p>\n<p><span lang=\"FR-CA\">Pour de plus amples renseignements sur Oralvisc<\/span><sup><span lang=\"FR-CA\">\u00ae<\/span><\/sup><span lang=\"FR-CA\">,<br \/>\ncomposez le <a href=\"tel:18776333987\">1-877-633-3987<\/a><br \/>\n<a title=\"mailto:MedexusPV@innomar-strategies.com\" href=\"mailto:MedexusPV@innomar-strategies.com\">MedexusPV@innomar-strategies.com<\/a><\/span><\/p>\n<p><span class=\"italic\"><span lang=\"FR-CA\">En cas d\u2019urgence d\u2019ordre m\u00e9dical, consultez imm\u00e9diatement votre m\u00e9decin. Pour signaler un effet ind\u00e9sirable, composez le <a href=\"tel:18776333987\">1-877-633-3987<\/a><\/span><\/span><\/p>\n<\/div><\/div><\/div><div class=\"fusion-layout-column fusion_builder_column fusion-builder-column-1 fusion_builder_column_3_5 3_5 fusion-flex-column\" style=\"--awb-bg-size:cover;--awb-width-large:60%;--awb-margin-top-large:0px;--awb-spacing-right-large:3.2%;--awb-margin-bottom-large:20px;--awb-spacing-left-large:3.2%;--awb-width-medium:60%;--awb-order-medium:0;--awb-spacing-right-medium:3.2%;--awb-spacing-left-medium:3.2%;--awb-width-small:100%;--awb-order-small:0;--awb-spacing-right-small:1.92%;--awb-spacing-left-small:1.92%;\" data-motion-effects=\"[{&quot;type&quot;:&quot;&quot;,&quot;scroll_type&quot;:&quot;transition&quot;,&quot;scroll_direction&quot;:&quot;up&quot;,&quot;transition_speed&quot;:&quot;1&quot;,&quot;fade_type&quot;:&quot;in&quot;,&quot;scale_type&quot;:&quot;up&quot;,&quot;initial_scale&quot;:&quot;1&quot;,&quot;max_scale&quot;:&quot;1.5&quot;,&quot;min_scale&quot;:&quot;0.5&quot;,&quot;initial_rotate&quot;:&quot;0&quot;,&quot;end_rotate&quot;:&quot;30&quot;,&quot;initial_blur&quot;:&quot;0&quot;,&quot;end_blur&quot;:&quot;3&quot;,&quot;start_element&quot;:&quot;top&quot;,&quot;start_viewport&quot;:&quot;bottom&quot;,&quot;end_element&quot;:&quot;bottom&quot;,&quot;end_viewport&quot;:&quot;top&quot;,&quot;mouse_effect&quot;:&quot;track&quot;,&quot;mouse_effect_direction&quot;:&quot;opposite&quot;,&quot;mouse_effect_speed&quot;:&quot;2&quot;,&quot;infinite_animation&quot;:&quot;float&quot;,&quot;infinite_animation_speed&quot;:&quot;2&quot;}]\" data-scroll-devices=\"small-visibility,medium-visibility,large-visibility\"><div class=\"fusion-column-wrapper fusion-column-has-shadow fusion-flex-justify-content-flex-start fusion-content-layout-column\"><div class=\"fusion-form fusion-form-builder fusion-form-form-wrapper fusion-form-348\" style=\"--awb-tooltip-text-color:#ffffff;--awb-tooltip-background-color:#333333;\" data-form-id=\"348\" data-config=\"{&quot;form_id&quot;:348,&quot;form_post_id&quot;:348,&quot;post_id&quot;:339,&quot;form_type&quot;:&quot;ajax&quot;,&quot;confirmation_type&quot;:&quot;redirect&quot;,&quot;redirect_url&quot;:&quot;\\\/fr\\\/merci\\\/&quot;,&quot;field_labels&quot;:{&quot;name&quot;:&quot;Nom&quot;,&quot;email&quot;:&quot;Courriel&quot;,&quot;phone&quot;:&quot;T\\u00e9l\\u00e9phone&quot;,&quot;comments&quot;:&quot;Commentaires&quot;,&quot;how_did_you_hear_about_oralvisc&quot;:&quot;O\\u00f9 avez-vous entendu parler d\\u2019Oralvisc?&quot;},&quot;field_logics&quot;:{&quot;name&quot;:&quot;&quot;,&quot;email&quot;:&quot;&quot;,&quot;phone&quot;:&quot;&quot;,&quot;comments&quot;:&quot;&quot;,&quot;how_did_you_hear_about_oralvisc&quot;:&quot;&quot;},&quot;field_types&quot;:{&quot;name&quot;:&quot;text&quot;,&quot;email&quot;:&quot;email&quot;,&quot;phone&quot;:&quot;phone_number&quot;,&quot;comments&quot;:&quot;textarea&quot;,&quot;how_did_you_hear_about_oralvisc&quot;:&quot;select&quot;,&quot;recaptcha_1&quot;:&quot;recaptcha&quot;,&quot;submit_1&quot;:&quot;submit&quot;},&quot;nonce_method&quot;:&quot;ajax&quot;}\"><form action=\"https:\/\/www.oralvisc.ca\/fr\/nous-joindre\/\" method=\"post\" class=\"fusion-form fusion-form-348\"><div class=\"fusion-fullwidth fullwidth-box fusion-builder-row-1-1 fusion-flex-container has-pattern-background has-mask-background nonhundred-percent-fullwidth non-hundred-percent-height-scrolling\" style=\"--awb-border-radius-top-left:0px;--awb-border-radius-top-right:0px;--awb-border-radius-bottom-right:0px;--awb-border-radius-bottom-left:0px;--awb-padding-right:0px;--awb-padding-left:0px;--awb-flex-wrap:wrap;\" ><div class=\"fusion-builder-row fusion-row fusion-flex-align-items-flex-start fusion-flex-content-wrap\" style=\"width:104% !important;max-width:104% !important;margin-left: calc(-4% \/ 2 );margin-right: calc(-4% \/ 2 );\"><div class=\"fusion-layout-column fusion_builder_column fusion-builder-column-2 fusion_builder_column_1_1 1_1 fusion-flex-column\" style=\"--awb-bg-size:cover;--awb-width-large:100%;--awb-margin-top-large:0px;--awb-spacing-right-large:1.92%;--awb-margin-bottom-large:20px;--awb-spacing-left-large:1.92%;--awb-width-medium:100%;--awb-order-medium:0;--awb-spacing-right-medium:1.92%;--awb-spacing-left-medium:1.92%;--awb-width-small:100%;--awb-order-small:0;--awb-spacing-right-small:1.92%;--awb-spacing-left-small:1.92%;\"><div class=\"fusion-column-wrapper fusion-column-has-shadow fusion-flex-justify-content-flex-start fusion-content-layout-column\"><div class=\"fusion-text fusion-text-3\"><h4>Avez-vous une question ou un commentaire?<\/h4>\n<\/div><div class=\"fusion-form-field fusion-form-text-field fusion-form-label-above\" style=\"\" data-form-id=\"348\"><div class=\"fusion-form-label-wrapper\"><label for=\"name\">Nom <abbr class=\"fusion-form-element-required\" title=\"required\">*<\/abbr><\/label><\/div><input type=\"text\" name=\"name\" id=\"name\" value=\"\"  class=\"fusion-form-input\" required=\"true\" aria-required=\"true\" data-holds-private-data=\"false\" minlength=\"0\"\/><\/div><div class=\"fusion-form-field fusion-form-email-field fusion-form-label-above\" style=\"\" data-form-id=\"348\"><div class=\"fusion-form-label-wrapper\"><label for=\"email\">Courriel <abbr class=\"fusion-form-element-required\" title=\"required\">*<\/abbr><\/label><\/div><input type=\"email\" name=\"email\" id=\"email\" value=\"\"  class=\"fusion-form-input\" required=\"true\" aria-required=\"true\" data-holds-private-data=\"false\"\/><\/div><div class=\"fusion-form-field fusion-form-phone-number-field fusion-form-label-above\" style=\"\" data-form-id=\"348\"><div class=\"fusion-form-label-wrapper\"><label for=\"phone\">T\u00e9l\u00e9phone<\/label><\/div><div class=\"fusion-form-input-with-icon\"><i class=\"awb-form-icon fa-phone-square-alt fas\"><\/i><input type=\"tel\" name=\"phone\" id=\"phone\" value=\"\"  class=\"fusion-form-input\" data-holds-private-data=\"false\"\/><\/div><\/div><div class=\"fusion-form-field fusion-form-textarea-field fusion-form-label-above\" style=\"\" data-form-id=\"348\"><label for=\"comments\">Commentaires <abbr class=\"fusion-form-element-required\" title=\"required\">*<\/abbr><\/label><textarea cols=\"40\"  minlength=\"0\"  rows=\"4\" tabindex=\"\" id=\"comments\" name=\"comments\" class=\"fusion-form-input\" required=\"true\" aria-required=\"true\" data-holds-private-data=\"false\"><\/textarea><\/div><div class=\"fusion-form-field fusion-form-select-field fusion-form-label-above\" style=\"\" data-form-id=\"348\"><label for=\"how_did_you_hear_about_oralvisc\">O\u00f9 avez-vous entendu parler d\u2019Oralvisc? <abbr class=\"fusion-form-element-required\" title=\"required\">*<\/abbr><\/label><div class=\"fusion-select-wrapper\"><select tabindex=\"\" id=\"how_did_you_hear_about_oralvisc\" name=\"how_did_you_hear_about_oralvisc\" class=\"fusion-form-input\" required=\"true\" aria-required=\"true\" data-holds-private-data=\"false\"><option value=\"Veuillez s\u00e9lectionner\"  selected >Veuillez s\u00e9lectionner<\/option><option value=\"T\u00e9l\u00e9vision\" >T\u00e9l\u00e9vision<\/option><option value=\"Web\" >Web<\/option><option value=\"Ami\" >Ami<\/option><option value=\"M\u00b4edias Sociaux\" >M\u00b4edias Sociaux<\/option><option value=\"Radio\" >Radio<\/option><option value=\"Autre\" >Autre<\/option><\/select><div class=\"select-arrow\"><svg width=\"12\" height=\"8\" viewBox=\"0 0 12 8\" fill=\"none\" xmlns=\"http:\/\/www.w3.org\/2000\/svg\"> <path d=\"M1.5 1.75L6 6.25L10.5 1.75\" stroke=\"#6D6D6D\" stroke-width=\"2\" stroke-linecap=\"round\" stroke-linejoin=\"round\"\/> <\/svg><\/div><\/div><\/div><div class=\"fusion-form-field fusion-form-recaptcha-field fusion-form-label-above\" style=\"\" data-form-id=\"348\">\t\t\t\t<div class=\"form-creator-recaptcha\" >\n\t\t\t\t\t\t\t\t\t\t\t\t\t\t\t\t\t<div class=\"fusion-form-recaptcha-wrapper\">\n\t\t\t\t\t\t<div\n\t\t\t\t\t\t\tid=\"g-recaptcha-id-form-348\"\n\t\t\t\t\t\t\tclass=\"awb-recaptcha-v2 fusion-form-recaptcha-v2\"\n\t\t\t\t\t\t\tdata-theme=\"light\"\n\t\t\t\t\t\t\tdata-sitekey=\"6LeW4r8UAAAAAHNoiUSI9MHpYJ1XROHfqrolPnLH\"\n\t\t\t\t\t\t\tdata-tabindex=\"\">\n\t\t\t\t\t\t<\/div>\n\t\t\t\t\t<\/div>\n\t\t\t\t\t\t\t\t\t\t\t\t\t\t<\/div>\n\t\t\t\t<\/div><div class=\"fusion-form-field fusion-form-submit-field fusion-form-label-above\" style=\"\" data-form-id=\"348\"><div ><button type=\"submit\" class=\"fusion-button button-flat button-large button-default fusion-button-default button-1 fusion-button-default-span  form-form-submit button-default\" data-form-number=\"348\" tabindex=\"\"><span class=\"fusion-button-text\">Soumettre<\/span><\/button><\/div><\/div><\/div><\/div><\/div><\/div><\/form><\/div><\/div><\/div><\/div><\/div>\n","protected":false},"excerpt":{"rendered":"","protected":false},"author":1,"featured_media":0,"parent":0,"menu_order":5,"comment_status":"closed","ping_status":"closed","template":"100-width.php","meta":{"footnotes":""},"class_list":["post-339","page","type-page","status-publish","hentry"],"yoast_head":"<!-- This site is optimized with the Yoast SEO plugin v20.12 - https:\/\/yoast.com\/wordpress\/plugins\/seo\/ -->\n<title>Communiquez avec nous | Oralvisc\u00ae Metabolic<\/title>\n<meta name=\"description\" content=\"Avez-vous une question ou un commentaire au sujet d\u2019Oralvisc\u00ae Metabolic? Communiquez avec nous, nous avons des r\u00e9ponses \u00e0 toutes les questions que vous vous posez.\" \/>\n<meta name=\"robots\" content=\"index, follow, max-snippet:-1, max-image-preview:large, max-video-preview:-1\" \/>\n<link rel=\"canonical\" href=\"https:\/\/www.oralvisc.ca\/fr\/nous-joindre\/\" \/>\n<meta property=\"og:locale\" content=\"fr_FR\" \/>\n<meta property=\"og:type\" content=\"article\" \/>\n<meta property=\"og:title\" content=\"Communiquez avec nous | Oralvisc\u00ae Metabolic\" \/>\n<meta property=\"og:description\" content=\"Avez-vous une question ou un commentaire au sujet d\u2019Oralvisc\u00ae Metabolic? Communiquez avec nous, nous avons des r\u00e9ponses \u00e0 toutes les questions que vous vous posez.\" \/>\n<meta property=\"og:url\" content=\"https:\/\/www.oralvisc.ca\/fr\/nous-joindre\/\" \/>\n<meta property=\"og:site_name\" content=\"Oralvisc\" \/>\n<meta property=\"article:modified_time\" content=\"2023-08-02T14:40:29+00:00\" \/>\n<meta name=\"twitter:card\" content=\"summary_large_image\" \/>\n<meta name=\"twitter:title\" content=\"Communiquez avec nous | Oralvisc\u00ae Metabolic\" \/>\n<meta name=\"twitter:description\" content=\"Avez-vous une question ou un commentaire au sujet d\u2019Oralvisc\u00ae Metabolic? Communiquez avec nous, nous avons des r\u00e9ponses \u00e0 toutes les questions que vous vous posez.\" \/>\n<meta name=\"twitter:label1\" content=\"Dur\u00e9e de lecture estim\u00e9e\" \/>\n\t<meta name=\"twitter:data1\" content=\"3 minutes\" \/>\n<script type=\"application\/ld+json\" class=\"yoast-schema-graph\">{\"@context\":\"https:\/\/schema.org\",\"@graph\":[{\"@type\":\"WebPage\",\"@id\":\"https:\/\/www.oralvisc.ca\/fr\/nous-joindre\/\",\"url\":\"https:\/\/www.oralvisc.ca\/fr\/nous-joindre\/\",\"name\":\"Communiquez avec nous | Oralvisc\u00ae Metabolic\",\"isPartOf\":{\"@id\":\"https:\/\/www.oralvisc.ca\/#website\"},\"datePublished\":\"2023-06-15T18:56:42+00:00\",\"dateModified\":\"2023-08-02T14:40:29+00:00\",\"description\":\"Avez-vous une question ou un commentaire au sujet d\u2019Oralvisc\u00ae Metabolic? Communiquez avec nous, nous avons des r\u00e9ponses \u00e0 toutes les questions que vous vous posez.\",\"breadcrumb\":{\"@id\":\"https:\/\/www.oralvisc.ca\/fr\/nous-joindre\/#breadcrumb\"},\"inLanguage\":\"fr-FR\",\"potentialAction\":[{\"@type\":\"ReadAction\",\"target\":[\"https:\/\/www.oralvisc.ca\/fr\/nous-joindre\/\"]}]},{\"@type\":\"BreadcrumbList\",\"@id\":\"https:\/\/www.oralvisc.ca\/fr\/nous-joindre\/#breadcrumb\",\"itemListElement\":[{\"@type\":\"ListItem\",\"position\":1,\"name\":\"Home\",\"item\":\"https:\/\/www.oralvisc.ca\/\"},{\"@type\":\"ListItem\",\"position\":2,\"name\":\"Nous Joindre\"}]},{\"@type\":\"WebSite\",\"@id\":\"https:\/\/www.oralvisc.ca\/#website\",\"url\":\"https:\/\/www.oralvisc.ca\/\",\"name\":\"Oralvisc\",\"description\":\"Helps Support Joint Health\",\"potentialAction\":[{\"@type\":\"SearchAction\",\"target\":{\"@type\":\"EntryPoint\",\"urlTemplate\":\"https:\/\/www.oralvisc.ca\/?s={search_term_string}\"},\"query-input\":\"required name=search_term_string\"}],\"inLanguage\":\"fr-FR\"}]}<\/script>\n<!-- \/ Yoast SEO plugin. -->","yoast_head_json":{"title":"Communiquez avec nous | Oralvisc\u00ae Metabolic","description":"Avez-vous une question ou un commentaire au sujet d\u2019Oralvisc\u00ae Metabolic? Communiquez avec nous, nous avons des r\u00e9ponses \u00e0 toutes les questions que vous vous posez.","robots":{"index":"index","follow":"follow","max-snippet":"max-snippet:-1","max-image-preview":"max-image-preview:large","max-video-preview":"max-video-preview:-1"},"canonical":"https:\/\/www.oralvisc.ca\/fr\/nous-joindre\/","og_locale":"fr_FR","og_type":"article","og_title":"Communiquez avec nous | Oralvisc\u00ae Metabolic","og_description":"Avez-vous une question ou un commentaire au sujet d\u2019Oralvisc\u00ae Metabolic? Communiquez avec nous, nous avons des r\u00e9ponses \u00e0 toutes les questions que vous vous posez.","og_url":"https:\/\/www.oralvisc.ca\/fr\/nous-joindre\/","og_site_name":"Oralvisc","article_modified_time":"2023-08-02T14:40:29+00:00","twitter_card":"summary_large_image","twitter_title":"Communiquez avec nous | Oralvisc\u00ae Metabolic","twitter_description":"Avez-vous une question ou un commentaire au sujet d\u2019Oralvisc\u00ae Metabolic? Communiquez avec nous, nous avons des r\u00e9ponses \u00e0 toutes les questions que vous vous posez.","twitter_misc":{"Dur\u00e9e de lecture estim\u00e9e":"3 minutes"},"schema":{"@context":"https:\/\/schema.org","@graph":[{"@type":"WebPage","@id":"https:\/\/www.oralvisc.ca\/fr\/nous-joindre\/","url":"https:\/\/www.oralvisc.ca\/fr\/nous-joindre\/","name":"Communiquez avec nous | Oralvisc\u00ae Metabolic","isPartOf":{"@id":"https:\/\/www.oralvisc.ca\/#website"},"datePublished":"2023-06-15T18:56:42+00:00","dateModified":"2023-08-02T14:40:29+00:00","description":"Avez-vous une question ou un commentaire au sujet d\u2019Oralvisc\u00ae Metabolic? Communiquez avec nous, nous avons des r\u00e9ponses \u00e0 toutes les questions que vous vous posez.","breadcrumb":{"@id":"https:\/\/www.oralvisc.ca\/fr\/nous-joindre\/#breadcrumb"},"inLanguage":"fr-FR","potentialAction":[{"@type":"ReadAction","target":["https:\/\/www.oralvisc.ca\/fr\/nous-joindre\/"]}]},{"@type":"BreadcrumbList","@id":"https:\/\/www.oralvisc.ca\/fr\/nous-joindre\/#breadcrumb","itemListElement":[{"@type":"ListItem","position":1,"name":"Home","item":"https:\/\/www.oralvisc.ca\/"},{"@type":"ListItem","position":2,"name":"Nous Joindre"}]},{"@type":"WebSite","@id":"https:\/\/www.oralvisc.ca\/#website","url":"https:\/\/www.oralvisc.ca\/","name":"Oralvisc","description":"Helps Support Joint Health","potentialAction":[{"@type":"SearchAction","target":{"@type":"EntryPoint","urlTemplate":"https:\/\/www.oralvisc.ca\/?s={search_term_string}"},"query-input":"required name=search_term_string"}],"inLanguage":"fr-FR"}]}},"_links":{"self":[{"href":"https:\/\/www.oralvisc.ca\/fr\/wp-json\/wp\/v2\/pages\/339","targetHints":{"allow":["GET"]}}],"collection":[{"href":"https:\/\/www.oralvisc.ca\/fr\/wp-json\/wp\/v2\/pages"}],"about":[{"href":"https:\/\/www.oralvisc.ca\/fr\/wp-json\/wp\/v2\/types\/page"}],"author":[{"embeddable":true,"href":"https:\/\/www.oralvisc.ca\/fr\/wp-json\/wp\/v2\/users\/1"}],"replies":[{"embeddable":true,"href":"https:\/\/www.oralvisc.ca\/fr\/wp-json\/wp\/v2\/comments?post=339"}],"version-history":[{"count":14,"href":"https:\/\/www.oralvisc.ca\/fr\/wp-json\/wp\/v2\/pages\/339\/revisions"}],"predecessor-version":[{"id":479,"href":"https:\/\/www.oralvisc.ca\/fr\/wp-json\/wp\/v2\/pages\/339\/revisions\/479"}],"wp:attachment":[{"href":"https:\/\/www.oralvisc.ca\/fr\/wp-json\/wp\/v2\/media?parent=339"}],"curies":[{"name":"wp","href":"https:\/\/api.w.org\/{rel}","templated":true}]}}